{"id":47,"date":"2023-04-21T17:19:29","date_gmt":"2023-04-21T15:19:29","guid":{"rendered":"http:\/\/liceum.ansgk.edu.pl\/?page_id=47"},"modified":"2023-05-05T13:31:50","modified_gmt":"2023-05-05T11:31:50","slug":"rekrutacja-2023","status":"publish","type":"page","link":"https:\/\/liceum.ansgk.edu.pl\/?page_id=47","title":{"rendered":"REKRUTACJA 2023"},"content":{"rendered":"\n<ol class=\"wp-block-list\">\n<li>Pobierz poni\u017cszy wniosek,<\/li>\n\n\n\n<li>Wype\u0142nij go, wydrukuj i podpisz,<\/li>\n\n\n\n<li>Dostarcz do punktu rekrutacyjnego.<\/li>\n<\/ol>\n\n\n\n<figure class=\"wp-block-image size-thumbnail\"><a href=\"http:\/\/liceum.ansgk.edu.pl\/wp-content\/uploads\/REKRUTACJA\/wniosek_do_OLA.pdf\"><img loading=\"lazy\" decoding=\"async\" width=\"150\" height=\"150\" src=\"http:\/\/liceum.ansgk.edu.pl\/wp-content\/uploads\/2023\/05\/pdf-150x150.png\" alt=\"\" class=\"wp-image-193\" srcset=\"https:\/\/liceum.ansgk.edu.pl\/wp-content\/uploads\/2023\/05\/pdf-150x150.png 150w, https:\/\/liceum.ansgk.edu.pl\/wp-content\/uploads\/2023\/05\/pdf-300x300.png 300w, https:\/\/liceum.ansgk.edu.pl\/wp-content\/uploads\/2023\/05\/pdf.png 512w\" sizes=\"auto, (max-width: 150px) 100vw, 150px\" \/><\/a><\/figure>\n\n\n\n<h2 class=\"wp-block-heading\">Punkt rekrutacyjny:<\/h2>\n\n\n\n<p><strong>adres:<\/strong> 99-300 Kutno, ul. Lelewela 7<br><strong>czynne:<\/strong> wtorek &#8211; sobota 08:00 &#8211; 15:00<br><strong>tel:<\/strong> 24 355 83 40<br><strong>poczta:<\/strong> <a href=\"mailto:liceum@ansgk.edu.pl\">liceum@ansgk.edu.pl<\/a><\/p>\n","protected":false},"excerpt":{"rendered":"<p>Punkt rekrutacyjny: adres: 99-300 Kutno, ul. Lelewela 7czynne: wtorek &#8211; sobota 08:00 &#8211; 15:00tel: 24 355 83 40poczta: liceum@ansgk.edu.pl<\/p>\n","protected":false},"author":1,"featured_media":0,"parent":0,"menu_order":0,"comment_status":"closed","ping_status":"closed","template":"","meta":{"footnotes":""},"class_list":["post-47","page","type-page","status-publish","hentry"],"yoast_head":"<!-- This site is optimized with the Yoast SEO plugin v20.11 - https:\/\/yoast.com\/wordpress\/plugins\/seo\/ -->\n<title>REKRUTACJA 2023 - Og\u00f3lnokszta\u0142c\u0105ce Liceum Akademickie<\/title>\n<meta name=\"robots\" content=\"index, follow, max-snippet:-1, max-image-preview:large, max-video-preview:-1\" \/>\n<link rel=\"canonical\" href=\"http:\/\/liceum.ansgk.edu.pl\/?page_id=47\" \/>\n<meta property=\"og:locale\" content=\"en_US\" \/>\n<meta property=\"og:type\" content=\"article\" \/>\n<meta property=\"og:title\" content=\"REKRUTACJA 2023 - Og\u00f3lnokszta\u0142c\u0105ce Liceum Akademickie\" \/>\n<meta property=\"og:description\" content=\"Punkt rekrutacyjny: adres: 99-300 Kutno, ul. Lelewela 7czynne: wtorek &#8211; sobota 08:00 &#8211; 15:00tel: 24 355 83 40poczta: liceum@ansgk.edu.pl\" \/>\n<meta property=\"og:url\" content=\"http:\/\/liceum.ansgk.edu.pl\/?page_id=47\" \/>\n<meta property=\"og:site_name\" content=\"Og\u00f3lnokszta\u0142c\u0105ce Liceum Akademickie\" \/>\n<meta property=\"article:modified_time\" content=\"2023-05-05T11:31:50+00:00\" \/>\n<meta property=\"og:image\" content=\"http:\/\/liceum.ansgk.edu.pl\/wp-content\/uploads\/2023\/05\/pdf-150x150.png\" \/>\n<meta name=\"twitter:card\" content=\"summary_large_image\" \/>\n<meta name=\"twitter:label1\" content=\"Est. reading time\" \/>\n\t<meta name=\"twitter:data1\" content=\"1 minute\" \/>\n<script type=\"application\/ld+json\" class=\"yoast-schema-graph\">{\"@context\":\"https:\/\/schema.org\",\"@graph\":[{\"@type\":\"WebPage\",\"@id\":\"http:\/\/liceum.ansgk.edu.pl\/?page_id=47\",\"url\":\"http:\/\/liceum.ansgk.edu.pl\/?page_id=47\",\"name\":\"REKRUTACJA 2023 - Og\u00f3lnokszta\u0142c\u0105ce Liceum Akademickie\",\"isPartOf\":{\"@id\":\"http:\/\/liceum.ansgk.edu.pl\/#website\"},\"datePublished\":\"2023-04-21T15:19:29+00:00\",\"dateModified\":\"2023-05-05T11:31:50+00:00\",\"breadcrumb\":{\"@id\":\"http:\/\/liceum.ansgk.edu.pl\/?page_id=47#breadcrumb\"},\"inLanguage\":\"en-US\",\"potentialAction\":[{\"@type\":\"ReadAction\",\"target\":[\"http:\/\/liceum.ansgk.edu.pl\/?page_id=47\"]}]},{\"@type\":\"BreadcrumbList\",\"@id\":\"http:\/\/liceum.ansgk.edu.pl\/?page_id=47#breadcrumb\",\"itemListElement\":[{\"@type\":\"ListItem\",\"position\":1,\"name\":\"Home\",\"item\":\"http:\/\/liceum.ansgk.edu.pl\/\"},{\"@type\":\"ListItem\",\"position\":2,\"name\":\"REKRUTACJA 2023\"}]},{\"@type\":\"WebSite\",\"@id\":\"http:\/\/liceum.ansgk.edu.pl\/#website\",\"url\":\"http:\/\/liceum.ansgk.edu.pl\/\",\"name\":\"Og\u00f3lnokszta\u0142c\u0105ce Liceum Akademickie\",\"description\":\"O.L.A.\",\"publisher\":{\"@id\":\"http:\/\/liceum.ansgk.edu.pl\/#organization\"},\"potentialAction\":[{\"@type\":\"SearchAction\",\"target\":{\"@type\":\"EntryPoint\",\"urlTemplate\":\"http:\/\/liceum.ansgk.edu.pl\/?s={search_term_string}\"},\"query-input\":\"required name=search_term_string\"}],\"inLanguage\":\"en-US\"},{\"@type\":\"Organization\",\"@id\":\"http:\/\/liceum.ansgk.edu.pl\/#organization\",\"name\":\"Og\u00f3lnokszta\u0142c\u0105ce Liceum Akademickie\",\"url\":\"http:\/\/liceum.ansgk.edu.pl\/\",\"logo\":{\"@type\":\"ImageObject\",\"inLanguage\":\"en-US\",\"@id\":\"http:\/\/liceum.ansgk.edu.pl\/#\/schema\/logo\/image\/\",\"url\":\"https:\/\/liceum.ansgk.edu.pl\/wp-content\/uploads\/2023\/04\/cropped-B_Liceum_logo_wsgk_wersja-2.png\",\"contentUrl\":\"https:\/\/liceum.ansgk.edu.pl\/wp-content\/uploads\/2023\/04\/cropped-B_Liceum_logo_wsgk_wersja-2.png\",\"width\":585,\"height\":583,\"caption\":\"Og\u00f3lnokszta\u0142c\u0105ce Liceum Akademickie\"},\"image\":{\"@id\":\"http:\/\/liceum.ansgk.edu.pl\/#\/schema\/logo\/image\/\"}}]}<\/script>\n<!-- \/ Yoast SEO plugin. -->","yoast_head_json":{"title":"REKRUTACJA 2023 - Og\u00f3lnokszta\u0142c\u0105ce Liceum Akademickie","robots":{"index":"index","follow":"follow","max-snippet":"max-snippet:-1","max-image-preview":"max-image-preview:large","max-video-preview":"max-video-preview:-1"},"canonical":"http:\/\/liceum.ansgk.edu.pl\/?page_id=47","og_locale":"en_US","og_type":"article","og_title":"REKRUTACJA 2023 - Og\u00f3lnokszta\u0142c\u0105ce Liceum Akademickie","og_description":"Punkt rekrutacyjny: adres: 99-300 Kutno, ul. Lelewela 7czynne: wtorek &#8211; sobota 08:00 &#8211; 15:00tel: 24 355 83 40poczta: liceum@ansgk.edu.pl","og_url":"http:\/\/liceum.ansgk.edu.pl\/?page_id=47","og_site_name":"Og\u00f3lnokszta\u0142c\u0105ce Liceum Akademickie","article_modified_time":"2023-05-05T11:31:50+00:00","og_image":[{"url":"http:\/\/liceum.ansgk.edu.pl\/wp-content\/uploads\/2023\/05\/pdf-150x150.png"}],"twitter_card":"summary_large_image","twitter_misc":{"Est. reading time":"1 minute"},"schema":{"@context":"https:\/\/schema.org","@graph":[{"@type":"WebPage","@id":"http:\/\/liceum.ansgk.edu.pl\/?page_id=47","url":"http:\/\/liceum.ansgk.edu.pl\/?page_id=47","name":"REKRUTACJA 2023 - Og\u00f3lnokszta\u0142c\u0105ce Liceum Akademickie","isPartOf":{"@id":"http:\/\/liceum.ansgk.edu.pl\/#website"},"datePublished":"2023-04-21T15:19:29+00:00","dateModified":"2023-05-05T11:31:50+00:00","breadcrumb":{"@id":"http:\/\/liceum.ansgk.edu.pl\/?page_id=47#breadcrumb"},"inLanguage":"en-US","potentialAction":[{"@type":"ReadAction","target":["http:\/\/liceum.ansgk.edu.pl\/?page_id=47"]}]},{"@type":"BreadcrumbList","@id":"http:\/\/liceum.ansgk.edu.pl\/?page_id=47#breadcrumb","itemListElement":[{"@type":"ListItem","position":1,"name":"Home","item":"http:\/\/liceum.ansgk.edu.pl\/"},{"@type":"ListItem","position":2,"name":"REKRUTACJA 2023"}]},{"@type":"WebSite","@id":"http:\/\/liceum.ansgk.edu.pl\/#website","url":"http:\/\/liceum.ansgk.edu.pl\/","name":"Og\u00f3lnokszta\u0142c\u0105ce Liceum Akademickie","description":"O.L.A.","publisher":{"@id":"http:\/\/liceum.ansgk.edu.pl\/#organization"},"potentialAction":[{"@type":"SearchAction","target":{"@type":"EntryPoint","urlTemplate":"http:\/\/liceum.ansgk.edu.pl\/?s={search_term_string}"},"query-input":"required name=search_term_string"}],"inLanguage":"en-US"},{"@type":"Organization","@id":"http:\/\/liceum.ansgk.edu.pl\/#organization","name":"Og\u00f3lnokszta\u0142c\u0105ce Liceum Akademickie","url":"http:\/\/liceum.ansgk.edu.pl\/","logo":{"@type":"ImageObject","inLanguage":"en-US","@id":"http:\/\/liceum.ansgk.edu.pl\/#\/schema\/logo\/image\/","url":"https:\/\/liceum.ansgk.edu.pl\/wp-content\/uploads\/2023\/04\/cropped-B_Liceum_logo_wsgk_wersja-2.png","contentUrl":"https:\/\/liceum.ansgk.edu.pl\/wp-content\/uploads\/2023\/04\/cropped-B_Liceum_logo_wsgk_wersja-2.png","width":585,"height":583,"caption":"Og\u00f3lnokszta\u0142c\u0105ce Liceum Akademickie"},"image":{"@id":"http:\/\/liceum.ansgk.edu.pl\/#\/schema\/logo\/image\/"}}]}},"_links":{"self":[{"href":"https:\/\/liceum.ansgk.edu.pl\/index.php?rest_route=\/wp\/v2\/pages\/47","targetHints":{"allow":["GET"]}}],"collection":[{"href":"https:\/\/liceum.ansgk.edu.pl\/index.php?rest_route=\/wp\/v2\/pages"}],"about":[{"href":"https:\/\/liceum.ansgk.edu.pl\/index.php?rest_route=\/wp\/v2\/types\/page"}],"author":[{"embeddable":true,"href":"https:\/\/liceum.ansgk.edu.pl\/index.php?rest_route=\/wp\/v2\/users\/1"}],"replies":[{"embeddable":true,"href":"https:\/\/liceum.ansgk.edu.pl\/index.php?rest_route=%2Fwp%2Fv2%2Fcomments&post=47"}],"version-history":[{"count":23,"href":"https:\/\/liceum.ansgk.edu.pl\/index.php?rest_route=\/wp\/v2\/pages\/47\/revisions"}],"predecessor-version":[{"id":196,"href":"https:\/\/liceum.ansgk.edu.pl\/index.php?rest_route=\/wp\/v2\/pages\/47\/revisions\/196"}],"wp:attachment":[{"href":"https:\/\/liceum.ansgk.edu.pl\/index.php?rest_route=%2Fwp%2Fv2%2Fmedia&parent=47"}],"curies":[{"name":"wp","href":"https:\/\/api.w.org\/{rel}","templated":true}]}}